{"id":6,"date":"2016-02-26T10:09:21","date_gmt":"2016-02-26T09:09:21","guid":{"rendered":"http:\/\/www.ichsam.at\/testcss\/?page_id=6"},"modified":"2017-04-12T11:48:26","modified_gmt":"2017-04-12T09:48:26","slug":"integrative_gestalttherapie","status":"publish","type":"page","link":"https:\/\/www.ichsam.at\/index.php\/integrative_gestalttherapie\/","title":{"rendered":"\u00dcber mich"},"content":{"rendered":"<p>1977 geboren in Wien<br \/>\n1996 Matura<br \/>\n1996 &#8211; 1997 Auslandsaufenthalt in Cambridge \/ England<br \/>\n1998 Beginn Studium der Betriebswirtschaft<br \/>\n2002 &#8211; 2004 2 Kinder<br \/>\n2006 &#8211; 2010 selbstst\u00e4ndige T\u00e4tigkeit &#8211; Shop f\u00fcr Mode und Design<br \/>\n2009 Beginn mit der Ausbildung zur Psychotherapeutin f\u00fcr integrative Gestalttherapie<\/p>\n<h2>Praktika:<\/h2>\n<p>2009 Pflegeheim V\u00f6sendorf &#8211; psychosoziale Betreuung von pflegebed\u00fcrftigen und\/ oder dementen hochbetagten Menschen<\/p>\n<p>Weiterbildung im Bereich Gerontopsychotherapie<\/p>\n<p>2010 Beraterin bei Rat auf Draht &#8211; Notrufnummer f\u00fcr Kinder und Jugendliche und deren Angeh\u00f6rigen<\/p>\n<p>2011 AKH Wien &#8211; psychiatrische Station 4b (allgemein Psychiatrie)<\/p>\n<p>2012 Beratungsstelle Courage &#8211; Sexualberatungsstelle mit thematischen Schwerpunkten Homosexualit\u00e4t, Transidentit\u00e4t, Regenbogen Familien, sexuelle St\u00f6rungen<\/p>\n<p>2016 Ausbildung in pferdegest\u00fctzter Psychotherapie<br \/>\n<a href=\"https:\/\/www.eagala.org\">EAGALA Modell\/ Dublin, Irland<\/a><\/p>\n<p>2017 Curriculum in Dialektisch-Behavioraler Therapie und Skills-Training\/<a href=\"http:\/\/www.awp-berlin-online.de\">AWP Berlin, Deutschland<\/a><\/p>\n<p>2017 Fortbildung in EMDR\/ <a href=\"http:\/\/www.emdr-institut.at\" target=\"_blank\">EMDR Institut<\/a>, Wien<\/p>\n","protected":false},"excerpt":{"rendered":"<p>1977 geboren in Wien 1996 Matura 1996 &#8211; 1997 Auslandsaufenthalt in Cambridge \/ England 1998 Beginn Studium der Betriebswirtschaft 2002 &#8211; 2004 2 Kinder 2006 &#8211; 2010 selbstst\u00e4ndige T\u00e4tigkeit &#8211; Shop f\u00fcr Mode und Design 2009 Beginn mit der Ausbildung zur Psychotherapeutin f\u00fcr integrative Gestalttherapie Praktika: 2009 Pflegeheim V\u00f6sendorf &#8211; psychosoziale Betreuung von pflegebed\u00fcrftigen und\/ &hellip; <a href=\"https:\/\/www.ichsam.at\/index.php\/integrative_gestalttherapie\/\" class=\"more-link\"><span class=\"screen-reader-text\">\u00dcber mich<\/span> weiterlesen <span class=\"meta-nav\">&rarr;<\/span><\/a><\/p>\n","protected":false},"author":1,"featured_media":0,"parent":0,"menu_order":0,"comment_status":"closed","ping_status":"closed","template":"page-templates\/full-width.php","meta":{"footnotes":""},"class_list":["post-6","page","type-page","status-publish","hentry"],"_links":{"self":[{"href":"https:\/\/www.ichsam.at\/index.php\/wp-json\/wp\/v2\/pages\/6"}],"collection":[{"href":"https:\/\/www.ichsam.at\/index.php\/wp-json\/wp\/v2\/pages"}],"about":[{"href":"https:\/\/www.ichsam.at\/index.php\/wp-json\/wp\/v2\/types\/page"}],"author":[{"embeddable":true,"href":"https:\/\/www.ichsam.at\/index.php\/wp-json\/wp\/v2\/users\/1"}],"replies":[{"embeddable":true,"href":"https:\/\/www.ichsam.at\/index.php\/wp-json\/wp\/v2\/comments?post=6"}],"version-history":[{"count":3,"href":"https:\/\/www.ichsam.at\/index.php\/wp-json\/wp\/v2\/pages\/6\/revisions"}],"predecessor-version":[{"id":277,"href":"https:\/\/www.ichsam.at\/index.php\/wp-json\/wp\/v2\/pages\/6\/revisions\/277"}],"wp:attachment":[{"href":"https:\/\/www.ichsam.at\/index.php\/wp-json\/wp\/v2\/media?parent=6"}],"curies":[{"name":"wp","href":"https:\/\/api.w.org\/{rel}","templated":true}]}}