{"id":212,"date":"2016-03-21T20:49:20","date_gmt":"2016-03-21T19:49:20","guid":{"rendered":"http:\/\/www.ichsam.at\/?page_id=212"},"modified":"2017-04-11T15:29:20","modified_gmt":"2017-04-11T13:29:20","slug":"patchwork-familie","status":"publish","type":"page","link":"https:\/\/www.ichsam.at\/index.php\/patchwork-familie\/","title":{"rendered":"Patchwork Familie"},"content":{"rendered":"<p><em>Patchwork Familie beschreibt ein Familiensystem, das aus Familienmitgliedern unterschiedlicher, der aktuellen Patchwork Familie vorangegangener, Familiensysteme besteht.<\/em><\/p>\n<p>Die Patchwork Familie ist eine mittlerweile weitverbreitete Lebensform, die die Familienmitglieder vor oftmals neuartige und bisweilen unbekannte Herausforderungen stellt.<br \/>\nDas Zusammenleben in einer Patchwork Familie fordert allen Familienmitgliedern ein hohes Ma\u00df an Flexibilit\u00e4t und Anpassungsf\u00e4higkeit ab.<\/p>\n<p>Ebenso ist die Geschichte jeder Patchwork Familie sehr individuell und es gibt oftmals keine schnellen Antworten auf auftretende Probleme.<\/p>\n<p>Geduld im Beziehungsaufbau, als auch das Abstecken individueller Grenzen sind existentielle Kernthemen der Familienmitglieder in Patchwork Familien.<br \/>\nViele Beziehungsqualit\u00e4ten wie gegenseitiges Vertrauen und Verst\u00e4ndnis f\u00fcr einander ben\u00f6tigen ausreichend Zeit und Beziehungsarbeit um wachsen zu k\u00f6nnen.<\/p>\n<p>Patchwork Familien sind nicht nur mit gro\u00dfen Herausforderungen konfrontiert, sie regen auch alle Familienmitglieder dazu an wichtige Beziehungsf\u00e4higkeiten wie Toleranz, Respekt vor Andersartigkeit und Offenheit zu entwickeln. Gelegentlich kann dabei ein Bedarf an professioneller, externer Unterst\u00fctzung sp\u00fcrbar werden.<\/p>\n<p>Da das Beziehungsgeflecht und die Beziehungsstrukturen in Patchwork Familien oftmals sehr komplex sind, kann es bei einigen Familienmitglieder zu einer tempor\u00e4ren \u00dcberforderung kommen.<br \/>\nEs ist oftmals ratsam, in schwierigen Phasen bzw. Phasen die durch \u00dcberg\u00e4nge gekennzeichnet sind verst\u00e4ndnisvolle, kompetente Unterst\u00fctzung f\u00fcr das eigenen Lebensmodell in Anspruch zu nehmen.<br \/>\nDie Therapie stellt einen sicheren Raum dar, in dem die individuellen Probleme und Schwierigkeiten im Zusammenhang mit einer komplexen Lebensgestaltung Platz haben und bearbeitet werden k\u00f6nnen.<\/p>\n","protected":false},"excerpt":{"rendered":"<p>Patchwork Familie beschreibt ein Familiensystem, das aus Familienmitgliedern unterschiedlicher, der aktuellen Patchwork Familie vorangegangener, Familiensysteme besteht. Die Patchwork Familie ist eine mittlerweile weitverbreitete Lebensform, die die Familienmitglieder vor oftmals neuartige und bisweilen unbekannte Herausforderungen stellt. Das Zusammenleben in einer Patchwork Familie fordert allen Familienmitgliedern ein hohes Ma\u00df an Flexibilit\u00e4t und Anpassungsf\u00e4higkeit ab. Ebenso ist die &hellip; <a href=\"https:\/\/www.ichsam.at\/index.php\/patchwork-familie\/\" class=\"more-link\"><span class=\"screen-reader-text\">Patchwork Familie<\/span> weiterlesen <span class=\"meta-nav\">&rarr;<\/span><\/a><\/p>\n","protected":false},"author":1,"featured_media":0,"parent":0,"menu_order":0,"comment_status":"closed","ping_status":"closed","template":"page-templates\/full-width.php","meta":{"footnotes":""},"class_list":["post-212","page","type-page","status-publish","hentry"],"_links":{"self":[{"href":"https:\/\/www.ichsam.at\/index.php\/wp-json\/wp\/v2\/pages\/212"}],"collection":[{"href":"https:\/\/www.ichsam.at\/index.php\/wp-json\/wp\/v2\/pages"}],"about":[{"href":"https:\/\/www.ichsam.at\/index.php\/wp-json\/wp\/v2\/types\/page"}],"author":[{"embeddable":true,"href":"https:\/\/www.ichsam.at\/index.php\/wp-json\/wp\/v2\/users\/1"}],"replies":[{"embeddable":true,"href":"https:\/\/www.ichsam.at\/index.php\/wp-json\/wp\/v2\/comments?post=212"}],"version-history":[{"count":2,"href":"https:\/\/www.ichsam.at\/index.php\/wp-json\/wp\/v2\/pages\/212\/revisions"}],"predecessor-version":[{"id":215,"href":"https:\/\/www.ichsam.at\/index.php\/wp-json\/wp\/v2\/pages\/212\/revisions\/215"}],"wp:attachment":[{"href":"https:\/\/www.ichsam.at\/index.php\/wp-json\/wp\/v2\/media?parent=212"}],"curies":[{"name":"wp","href":"https:\/\/api.w.org\/{rel}","templated":true}]}}