{"id":20,"date":"2016-02-26T10:19:57","date_gmt":"2016-02-26T09:19:57","guid":{"rendered":"http:\/\/www.ichsam.at\/testcss\/?page_id=20"},"modified":"2017-04-11T15:25:51","modified_gmt":"2017-04-11T13:25:51","slug":"kontaktstoerungen","status":"publish","type":"page","link":"https:\/\/www.ichsam.at\/index.php\/kontaktstoerungen\/","title":{"rendered":"Gewahrsein"},"content":{"rendered":"<h2>Gewahrsein \/ Awarness:<\/h2>\n<p>Ein zentraler Punkt der gestalttherapeutischen Methode ist die Entwicklung und Verfeinerung des Gewahrseins \/ Awareness im &#8222;hier und jetzt.&#8220;<\/p>\n<p>Darunter wird verstanden, dass der Klientin \/ dem Klienten alle gerade vorhandenen und zug\u00e4nglichen Gef\u00fchle, Empfindungen und Verhaltensweisen bewusst zur Verf\u00fcgung stehen und bewusst wahrgenommen werden k\u00f6nnen.<\/p>\n<p>Durch therapeutische, erlebniszentrierte Interventionen, die das Gewahrsein f\u00f6rdern, k\u00f6nnen der Klientin \/ dem Klienten ihre \/ seine Kontaktst\u00f6rungen erkennbar und zug\u00e4nglich gemacht werden.<\/p>\n<p>Die Klientin \/ der Klient steht in diesem Moment in Kontakt mit sich und ihren\/seinen Gef\u00fchlen und im aktiven Austausch mit ihrer \/ seiner Umwelt.<\/p>\n<p>Die gest\u00f6rte Anpassung an die Umwelt und die entwickelte Kontaktst\u00f6rung kann sich aufl\u00f6sen bzw. die Anpassung kann sich aktualisieren oder erfolgen.<\/p>\n<p>&nbsp;<\/p>\n<p>\u201cGewahrsein ist freies Ersp\u00fcren dessen, was in dir auftaucht, was du tust, f\u00fchlst oder vorhast. Sie ist ein Grundelement und eine umfassende Ganzheit. Ohne Bewusstheit gibt es keine Kenntnis einer Wahlm\u00f6glichkeit\u201d. Fritz Perls (1976)<\/p>\n","protected":false},"excerpt":{"rendered":"<p>Gewahrsein \/ Awarness: Ein zentraler Punkt der gestalttherapeutischen Methode ist die Entwicklung und Verfeinerung des Gewahrseins \/ Awareness im &#8222;hier und jetzt.&#8220; Darunter wird verstanden, dass der Klientin \/ dem Klienten alle gerade vorhandenen und zug\u00e4nglichen Gef\u00fchle, Empfindungen und Verhaltensweisen bewusst zur Verf\u00fcgung stehen und bewusst wahrgenommen werden k\u00f6nnen. Durch therapeutische, erlebniszentrierte Interventionen, die das &hellip; <a href=\"https:\/\/www.ichsam.at\/index.php\/kontaktstoerungen\/\" class=\"more-link\"><span class=\"screen-reader-text\">Gewahrsein<\/span> weiterlesen <span class=\"meta-nav\">&rarr;<\/span><\/a><\/p>\n","protected":false},"author":1,"featured_media":0,"parent":0,"menu_order":0,"comment_status":"closed","ping_status":"closed","template":"page-templates\/full-width.php","meta":{"footnotes":""},"class_list":["post-20","page","type-page","status-publish","hentry"],"_links":{"self":[{"href":"https:\/\/www.ichsam.at\/index.php\/wp-json\/wp\/v2\/pages\/20"}],"collection":[{"href":"https:\/\/www.ichsam.at\/index.php\/wp-json\/wp\/v2\/pages"}],"about":[{"href":"https:\/\/www.ichsam.at\/index.php\/wp-json\/wp\/v2\/types\/page"}],"author":[{"embeddable":true,"href":"https:\/\/www.ichsam.at\/index.php\/wp-json\/wp\/v2\/users\/1"}],"replies":[{"embeddable":true,"href":"https:\/\/www.ichsam.at\/index.php\/wp-json\/wp\/v2\/comments?post=20"}],"version-history":[{"count":1,"href":"https:\/\/www.ichsam.at\/index.php\/wp-json\/wp\/v2\/pages\/20\/revisions"}],"predecessor-version":[{"id":151,"href":"https:\/\/www.ichsam.at\/index.php\/wp-json\/wp\/v2\/pages\/20\/revisions\/151"}],"wp:attachment":[{"href":"https:\/\/www.ichsam.at\/index.php\/wp-json\/wp\/v2\/media?parent=20"}],"curies":[{"name":"wp","href":"https:\/\/api.w.org\/{rel}","templated":true}]}}