{"id":164,"date":"2016-03-13T15:38:17","date_gmt":"2016-03-13T14:38:17","guid":{"rendered":"http:\/\/www.ichsam.at\/?page_id=164"},"modified":"2017-04-11T15:29:30","modified_gmt":"2017-04-11T13:29:30","slug":"sexueller_missbrauch","status":"publish","type":"page","link":"https:\/\/www.ichsam.at\/index.php\/sexueller_missbrauch\/","title":{"rendered":"sexueller missbrauch"},"content":{"rendered":"<h2>sexueller\/ emotionaler\/ physischer Missbrauch in Kindheit und Jugend<\/h2>\n<p>&nbsp;<\/p>\n<p>\u00dcberlebende von sexuellem\/emotionalem\/physischem Missbrauch leiden oftmals an mehreren, teilweise sehr unterschiedlichen Symptomen.<br \/>\nDie Symptome k\u00f6nnen von Panik Attacken, unerkl\u00e4rlich starken \u00c4ngsten unterschiedlichster Art, psychosomatischen Beschwerden bis hin zu einer beeintr\u00e4chtigten K\u00f6rperwahrnehmung reichen.<\/p>\n<p>Betroffene werden h\u00e4ufig von Albtr\u00e4umen,qu\u00e4lend auftretenden Schuldgef\u00fchle und emotionalen oder k\u00f6rperbezogenen Flashbacks begleitet.<br \/>\nZwanghaftes Gedankenkreisen um die missbr\u00e4uchlichen Erinnerungen sowie wiederholt auftretende Gedankeneinbr\u00fcche durch Erinnerungen an die schrecklichen Erlebnisse stellen Folgen von sexuellem\/emotionalem\/physischem Missbrauch dar.<\/p>\n<p>Es kann vorkommen, dass Betroffene keine eindeutigen, zusammenh\u00e4ngenden Erinnerungen an die emotional\/sexuell\/ physisch missbr\u00e4uchlichen Erlebnisse haben.<br \/>\nManchmal treten auch erstmals nach vielen Jahren Erinnerungen an den Missbrauch auf.<br \/>\nDie Erinnerungen k\u00f6nnen manchmal bruchst\u00fcckhaft oder auch sehr detailreich sein.<br \/>\nEbenso gibt es Betroffene die oft jahrelang von einem Gef\u00fchl begleitet werden, dass die eigenen Verhaltens.- und Reaktionsweisen nicht zu den bewussten Erinnerungen in der Kindheit und Jugend passen und dass oftmals sehr intensive mitunter negative Gef\u00fchle\/\u00c4ngste nicht zuordnebar oder erkl\u00e4rbar sind.<\/p>\n<p>Sexueller \/emotionaler\/physischer Missbrauch hinterl\u00e4sst weitreichende Spuren und Verletzungen und ist von traumatischer Tragweite.<br \/>\nDas Selbstbild wird gesch\u00e4digt und das Selbstwertgef\u00fchl von Betroffenen nimmt gro\u00dfen Schaden.<br \/>\nOft ist es schwierig f\u00fcr \u00dcberlebende von sexuellem \/emotionalem\/physischer Missbrauch anderen Menschen zu vertrauen, Beziehungen aufzubauen, den eigenen K\u00f6rper anzunehmen sowie Intimit\u00e4t und N\u00e4he als etwas positives zu erleben.<\/p>\n<p>Das therapeutische Setting soll einen sicheren und vertrauensvollen Raum f\u00fcr \u00dcberlebende von sexuellem \/emotionalem\/physischem Missbrauch darstellen.<br \/>\nEs ist ein Ort an dem alles Platz haben sollte und vorhandene Erinnerungen, Gedanken, Zweifel, Schuldgef\u00fchle und \u00c4ngste ausgesprochen und bearbeitet werden k\u00f6nnen.<\/p>\n<p>Definitionen:<\/p>\n<p>Als sexuellen Missbrauch an Kindern und Jugendlichen werden Situationen bezeichnet, in denen erwachsene bzw. \u00e4ltere\/\u00fcberlegene Menschen sich in sexualisierter Art und Weise Kindern und Jugendlichen n\u00e4hern und emotionale und\/oder k\u00f6rperliche Grenzen \u00fcberschreiten.<br \/>\nDies bringt Kinder und Jugendliche in eine unfreiwillige, \u00fcberfordernde und von diesen nicht absch\u00e4tzbare Situation und f\u00fchrt sehr oft zu Gef\u00fchlen von Ohnmacht, Schuld, Ekel und Einsamkeit bei Betroffenen.<br \/>\nBei sexuellem Missbrauch wird zwischen verf\u00fchrerischem Missbrauch und gewaltsamen Missbrauch unterschieden.<br \/>\nIm Fall des verf\u00fchrerischen Missbrauchs wird oftmals das Vertrauensverh\u00e4ltnis zwischen dem Kind oder des\/der Jugendlichen ausgenutzt, dies kann begleitet sein von emotionalen, materiellen Bestechungsversuchen, das kreieren von emotionalen Fallen und Dilemma Situationen, einem Vermischen von f\u00fcrsorglicher Zuwendung und sexualisierter Ann\u00e4herung und ebenso ein Ausn\u00fctzen des Bed\u00fcrfnisses nach Liebe und Zuneigung von Kindern und Jugendlichen zum eigenen Lustgewinn.<br \/>\nGewaltsamer sexueller Missbrauch definiert Situationen in denen Kinder und Jugendliche in irgendeiner Weise bedroht oder eingesch\u00fcchtert werden und zu sexuellen Handlungen, Gef\u00e4lligkeiten und\/oder Grenz\u00fcberschreitungen gezwungen werden.<\/p>\n<p>Emotional missbr\u00e4uchliche Erfahrungen beschreiben Situationen in denen Kinder und Jugendliche wiederholte Male in emotional \u00fcberfordernde Situationen gebracht wurden. Diese Situationen k\u00f6nnen durch zu viel Verantwortung \u00fcber sich selbst und andere (parentifizierte Kinder) gekennzeichnet sein bzw. eine Dilemma Situation f\u00fcr das Kind oder der\/die Jugendliche darstellen und emotionale Entscheidungen betreffen, die das Kind der\/die Jugendliche nicht in der Lage sind zu treffen. (z.B. Entscheidungen in denen Betroffene zwischen Mutter und Vater w\u00e4hlen m\u00fcssen)<br \/>\nEbenso werden Handlungsweisen die Kinder und Jugendliche besch\u00e4men, beschimpfen, entwerten, bedrohen oder l\u00e4cherlich machen zu emotional missbr\u00e4uchlichen Situationen gez\u00e4hlt. Auch stellen Verst\u00f6\u00dfe gegen das Vertrauen das Kinder und Jugendliche in ihre Bezugsperson(en) legen einen emotional missbr\u00e4uchlichen Zustand dar, dies schlie\u00dft Situationen ein, in denen die unterlegene Position und eventuelle Unbedarftheit von Kindern und Jugendlichen zum eigenen Vorteil ausgenutzt und missbraucht wird und beschreibt jede Form des Machtmissbrauchs gegen\u00fcber Kindern und Jugendlichen.<\/p>\n<p>Zu physischen Missbrauchserfahrungen z\u00e4hlen k\u00f6rperliche Bestrafungen und Misshandlungen, Tritte, Schl\u00e4ge, k\u00f6rperlich zugef\u00fcgte Verletzungen von Bezugspersonen oder anderen Erwachsenen.<br \/>\nEbenso ist eine Unterversorgen von lebenswichtigen Dingen wie Nahrung, Kleidung, Verwehrung bzw. Unterlassung von medizinischer Versorgung etc. als physische Vernachl\u00e4ssigung und mangelhafte Versorgung zu definieren.<\/p>\n","protected":false},"excerpt":{"rendered":"<p>sexueller\/ emotionaler\/ physischer Missbrauch in Kindheit und Jugend &nbsp; \u00dcberlebende von sexuellem\/emotionalem\/physischem Missbrauch leiden oftmals an mehreren, teilweise sehr unterschiedlichen Symptomen. Die Symptome k\u00f6nnen von Panik Attacken, unerkl\u00e4rlich starken \u00c4ngsten unterschiedlichster Art, psychosomatischen Beschwerden bis hin zu einer beeintr\u00e4chtigten K\u00f6rperwahrnehmung reichen. Betroffene werden h\u00e4ufig von Albtr\u00e4umen,qu\u00e4lend auftretenden Schuldgef\u00fchle und emotionalen oder k\u00f6rperbezogenen Flashbacks begleitet. Zwanghaftes &hellip; <a href=\"https:\/\/www.ichsam.at\/index.php\/sexueller_missbrauch\/\" class=\"more-link\"><span class=\"screen-reader-text\">sexueller missbrauch<\/span> weiterlesen <span class=\"meta-nav\">&rarr;<\/span><\/a><\/p>\n","protected":false},"author":1,"featured_media":0,"parent":0,"menu_order":0,"comment_status":"closed","ping_status":"closed","template":"page-templates\/full-width.php","meta":{"footnotes":""},"class_list":["post-164","page","type-page","status-publish","hentry"],"_links":{"self":[{"href":"https:\/\/www.ichsam.at\/index.php\/wp-json\/wp\/v2\/pages\/164"}],"collection":[{"href":"https:\/\/www.ichsam.at\/index.php\/wp-json\/wp\/v2\/pages"}],"about":[{"href":"https:\/\/www.ichsam.at\/index.php\/wp-json\/wp\/v2\/types\/page"}],"author":[{"embeddable":true,"href":"https:\/\/www.ichsam.at\/index.php\/wp-json\/wp\/v2\/users\/1"}],"replies":[{"embeddable":true,"href":"https:\/\/www.ichsam.at\/index.php\/wp-json\/wp\/v2\/comments?post=164"}],"version-history":[{"count":4,"href":"https:\/\/www.ichsam.at\/index.php\/wp-json\/wp\/v2\/pages\/164\/revisions"}],"predecessor-version":[{"id":169,"href":"https:\/\/www.ichsam.at\/index.php\/wp-json\/wp\/v2\/pages\/164\/revisions\/169"}],"wp:attachment":[{"href":"https:\/\/www.ichsam.at\/index.php\/wp-json\/wp\/v2\/media?parent=164"}],"curies":[{"name":"wp","href":"https:\/\/api.w.org\/{rel}","templated":true}]}}