{"id":13,"date":"2016-02-26T10:12:53","date_gmt":"2016-02-26T09:12:53","guid":{"rendered":"http:\/\/www.ichsam.at\/testcss\/?page_id=10"},"modified":"2017-04-11T15:26:30","modified_gmt":"2017-04-11T13:26:30","slug":"methode","status":"publish","type":"page","link":"https:\/\/www.ichsam.at\/index.php\/methode\/","title":{"rendered":"Methode"},"content":{"rendered":"<h2>Was ist Gestalttherapie?<\/h2>\n<p>&#8230; in Gestalttherapie unterscheidet man nicht zwischen Gesunden und anderen Kranken.<\/p>\n<p>Gestalttherapie, oder einfach nur &#8222;Gestalt&#8220;, ist vielmehr eine Lebenseinstellung, die praktische Konsequenzen hat.<\/p>\n<p>Es geht um dich und mich und um unsere Erfahrung hier und jetzt.<\/p>\n<p>Wachstum ist hier das richtigere Wort als Therapie.<\/p>\n<p>Wachstum: spontaner, lebendiger und gl\u00fccklicher sein. (Bruno Paul de Roeck in Gras unter meinen F\u00fc\u00dfen)<\/p>\n<p>&nbsp;<\/p>\n<p>Gestalttherapie z\u00e4hlt zu den humanistischen Psychotherapie Richtungen.<\/p>\n<p>Sie ist eine Haltung zum Leben und basiert dabei auf einem ganzheitlichen Menschenbild.<\/p>\n<p>Im Zentrum der Gestaltarbeit steht der Kontakt im &#8222;hier und jetzt&#8220;.<\/p>\n<p>Was sich &#8222;hier und jetzt&#8220; zeigt hat Bedeutung. Um dies wahrnehmen und erkennen zu k\u00f6nnen, ist die notwendige Achtsamkeit zu entwickeln.<\/p>\n<p>Heilung beginnt da, wo wir bewusst wahrnehmen, was wirklich in uns und um uns geschieht.<\/p>\n<p>Zu den Begr\u00fcndern der Gestalttherapie z\u00e4hlen Fritz Perls, Laura Perls und Paul Goodman.<\/p>\n<p>Die Gestalttherapie hat sich zu weiten Teilen aus der Psychoanalyse, deren Kritik und aus einer Abgrenzung zu ihr entwickelt.<\/p>\n<p>Quellen der Entwicklung sind au\u00dferdem die Gestaltpsychologie sowie das holistische, ph\u00e4nomenologische und existenzielle Denken des 20. Jahrhunderts.<\/p>\n","protected":false},"excerpt":{"rendered":"<p>Was ist Gestalttherapie? &#8230; in Gestalttherapie unterscheidet man nicht zwischen Gesunden und anderen Kranken. Gestalttherapie, oder einfach nur &#8222;Gestalt&#8220;, ist vielmehr eine Lebenseinstellung, die praktische Konsequenzen hat. Es geht um dich und mich und um unsere Erfahrung hier und jetzt. Wachstum ist hier das richtigere Wort als Therapie. Wachstum: spontaner, lebendiger und gl\u00fccklicher sein. (Bruno &hellip; <a href=\"https:\/\/www.ichsam.at\/index.php\/methode\/\" class=\"more-link\"><span class=\"screen-reader-text\">Methode<\/span> weiterlesen <span class=\"meta-nav\">&rarr;<\/span><\/a><\/p>\n","protected":false},"author":1,"featured_media":0,"parent":0,"menu_order":0,"comment_status":"closed","ping_status":"closed","template":"page-templates\/full-width.php","meta":{"footnotes":""},"class_list":["post-13","page","type-page","status-publish","hentry"],"_links":{"self":[{"href":"https:\/\/www.ichsam.at\/index.php\/wp-json\/wp\/v2\/pages\/13"}],"collection":[{"href":"https:\/\/www.ichsam.at\/index.php\/wp-json\/wp\/v2\/pages"}],"about":[{"href":"https:\/\/www.ichsam.at\/index.php\/wp-json\/wp\/v2\/types\/page"}],"author":[{"embeddable":true,"href":"https:\/\/www.ichsam.at\/index.php\/wp-json\/wp\/v2\/users\/1"}],"replies":[{"embeddable":true,"href":"https:\/\/www.ichsam.at\/index.php\/wp-json\/wp\/v2\/comments?post=13"}],"version-history":[{"count":1,"href":"https:\/\/www.ichsam.at\/index.php\/wp-json\/wp\/v2\/pages\/13\/revisions"}],"predecessor-version":[{"id":91,"href":"https:\/\/www.ichsam.at\/index.php\/wp-json\/wp\/v2\/pages\/13\/revisions\/91"}],"wp:attachment":[{"href":"https:\/\/www.ichsam.at\/index.php\/wp-json\/wp\/v2\/media?parent=13"}],"curies":[{"name":"wp","href":"https:\/\/api.w.org\/{rel}","templated":true}]}}